{"id":1399,"date":"2018-11-07T18:04:37","date_gmt":"2018-11-07T17:04:37","guid":{"rendered":"https:\/\/www.turingprojects.com\/?page_id=1399"},"modified":"2023-01-09T17:39:41","modified_gmt":"2023-01-09T16:39:41","slug":"avis-legal","status":"publish","type":"page","link":"https:\/\/www.turingprojects.com\/ca\/avis-legal\/","title":{"rendered":"Av\u00eds legal"},"content":{"rendered":"<p><a href=\"https:\/\/www.turingprojects.com\/ca\">&lt; TORNAR<\/a><\/p>\n<h4>Tractament de dades personals<\/h4>\n<p>Turing Projects d\u00f3na estricte compliment a l&#8217;article 10 de la Llei 34\/2002 de Serveis de la Societat de la Informaci\u00f3 i el Comer\u00e7 Electr\u00f2nic.<\/p>\n<p>Turing Projects adopta les mesures i els mecanismes necessaris per garantir la seguretat de les comunicacions i les transaccions que es produeixin mitjan\u00e7ant la web, segons l\u2019estat de la tecnologia i d\u2019acord amb la tipologia de les transaccions i serveis que es posen a disposici\u00f3 dels usuaris.<\/p>\n<p>La p\u00e0gina web de Turing Projects disposa d\u2019una adre\u00e7a de correu electr\u00f2nic de contacte. En el cas que lliurement decideixi enviar-nos una comunicaci\u00f3, estar\u00e0 consentint expressament el tractament de les seves dades personals per part de Turing Projects, aix\u00ed com que aquestes siguin incorporades en el fitxer titularitat de la societat. Les dades de contacte de la titular d\u2019aquest fitxer s\u00f3n les seg\u00fcents:<\/p>\n<p><strong>TURING PROJECTS SL<\/strong><br \/>\nNIF B66276072<br \/>\nC\/ Del Pedr\u00f3, 6<br \/>\n08479 Mosqueroles (Fogars de Montcl\u00fas) &#8211; Barcelona<br \/>\n<a href=\"&#x6d;a&#x69;&#108;t&#x6f;&#58;&#x61;&#108;a&#x6e;&#64;&#x74;&#117;r&#x69;&#110;&#x67;&#x70;r&#x6f;&#106;e&#x63;&#116;&#x73;&#46;c&#x6f;&#109;\">&#x61;&#x6c;&#97;n&#64;&#x74;&#x75;&#114;&#105;n&#x67;&#x70;&#114;&#111;j&#x65;&#x63;&#x74;&#115;&#46;c&#x6f;&#x6d;<\/a><br \/>\n670 208 271<br \/>\nInscrita al Registre Mercantil de Barcelona. Tom: 44267 Foli: 208 Full: 451482 Inscripci\u00f3 1a.<\/p>\n<p>Les citades dades seran tractades per Turing Projects amb la finalitat de resoldre les consultes plantejades per la persona interessada, qui podr\u00e0 exercir els drets ARCO (acc\u00e9s, rectificaci\u00f3, cancel\u00b7laci\u00f3 i oposici\u00f3) sobre les dades facilitades sempre que ho desitgi, enviant un correu a <a href=\"&#109;a&#x69;l&#x74;o&#x3a;a&#x6c;a&#x6e;&#64;&#x74;&#117;&#x72;&#105;&#x6e;&#103;&#x70;&#114;&#x6f;&#106;&#x65;&#99;&#x74;&#115;&#46;&#x63;o&#x6d;\">&#97;&#x6c;&#97;&#x6e;&#64;&#116;&#x75;&#114;&#x69;n&#x67;p&#114;&#x6f;&#106;&#x65;c&#x74;&#x73;&#46;&#x63;o&#x6d;<\/a>.<\/p>\n<h4>Utilitzaci\u00f3 de la web i pol\u00edtica d\u2019enlla\u00e7os<\/h4>\n<p>Turing Projects no garanteix que la web i el servidor estiguin lliures de virus i no es fa responsable dels possibles danys o perjudicis que es puguin derivar d\u2019interfer\u00e8ncies, omissions, interrupcions, virus inform\u00e0tics, avaries telef\u00f2niques o desconnexions en el funcionament operatiu d\u2019aquest sistema electr\u00f2nic, motivats per causes alienes Turing Projects, de retards o bloquejos en l\u2019\u00fas d\u2019aquest sistema electr\u00f2nic causats per defici\u00e8ncies o sobrec\u00e0rregues de l\u00ednies telef\u00f2niques o sobrec\u00e0rregues en el sistema d\u2019Internet o en altres sistemes electr\u00f2nics, aix\u00ed com tamb\u00e9 de danys que puguin ser causats per terceres persones mitjan\u00e7ant intromissions il\u00b7leg\u00edtimes fora del seu control.<\/p>\n<p>Turing Projects no ser\u00e0 responsable de l\u2019\u00fas per part de tercers de la informaci\u00f3 continguda al web. Turing Projects pot tenir enlla\u00e7os o hipervincles i connexi\u00f3 amb altres llocs web gestionats per tercers i no controlats per aquesta. Per tant, en cas que Turing Projects tingui coneixement que l\u2019activitat o la informaci\u00f3 que facilita alguns d\u2019aquests enlla\u00e7os \u00e9s constitutiva de delicte o pot lesionar els b\u00e9ns o drets de tercers susceptible d\u2019indemnitzaci\u00f3, actuar\u00e0 amb la dilig\u00e8ncia necess\u00e0ria per suprimir i inutilitzar l\u2019enlla\u00e7 corresponent el m\u00e9s aviat possible, declinant tota responsabilitat a la propiet\u00e0ria de la web infractora.<\/p>\n<p>Els possibles conflictes relatius a aquesta web es regiran exclusivament pel dret de l\u2019Estat espanyol i de la Comunitat Aut\u00f2noma de Catalunya, essent els jutjats de Granollers els \u00fanics competents. Tota persona usu\u00e0ria del web, independentment de la jurisdicci\u00f3 territorial des de la qual es produeixi el seu acc\u00e9s, accepta el compliment i respecte d\u2019aquesta cl\u00e0usula amb ren\u00fancia expressa a qualsevol altre fur que li pogu\u00e9s correspondre.<\/p>\n<h4>Propietat Intel\u00b7lectual<\/h4>\n<p>Aquest portal i tots els seus continguts, incloent-hi els textos, imatges, sons, bases de dades, codis i qualsevol altre material, s\u00f3n propietat de Turing Projects, o dels tercers que n\u2019hagin autoritzat el seu \u00fas. Tot aquest material est\u00e0 a l\u2019empara de la legislaci\u00f3 de protecci\u00f3 de la propietat intel\u00b7lectual. Els seus titulars es reserven les accions legalment oportunes per reparar els danys i perjudicis causats per qualsevol acte que vulneri els drets de propietat intel\u00b7lectual sobre aquests continguts.<\/p>\n<h4>Pol\u00edtica de cookies<\/h4>\n<p>Aquest lloc web utilitza cookies de tercers, amb la finalitat d&#8217;analitzar la navegaci\u00f3 dels usuaris pel web, de manera que aquesta informaci\u00f3 queda emmagatzemada i pugui ser identificada en visites posteriors de l&#8217;usuari. D&#8217;aquesta manera, se&#8217;ns permet analitzar les visites a la nostra p\u00e0gina web. Tamb\u00e9 utilitzem cookies per a identificar el trasnsit de confian\u00e7a.<\/p>\n<p>S&#8217;entendr\u00e0 que l&#8217;usuari accepta la instal\u00b7laci\u00f3 autom\u00e0tica d&#8217;aquestes cookies si continua navegant pel web.<\/p>\n","protected":false},"excerpt":{"rendered":"<p>&lt; TORNAR Tractament de dades personals Turing Projects d\u00f3na estricte compliment a l&#8217;article 10 de la Llei 34\/2002 de Serveis de la Societat de la Informaci\u00f3 i el Comer\u00e7 Electr\u00f2nic. Turing Projects adopta les mesures i els mecanismes necessaris per garantir la seguretat de les comunicacions i les transaccions que es produeixin mitjan\u00e7ant la web, [&hellip;]<\/p>\n","protected":false},"author":4,"featured_media":0,"parent":0,"menu_order":0,"comment_status":"open","ping_status":"closed","template":"","meta":{"_genesis_hide_title":false,"_genesis_hide_breadcrumbs":false,"_genesis_hide_singular_image":false,"_genesis_hide_footer_widgets":false,"_genesis_custom_body_class":"","_genesis_custom_post_class":"","_genesis_layout":"full-width-content","footnotes":""},"class_list":{"0":"post-1399","1":"page","2":"type-page","3":"status-publish","5":"entry"},"featured_image_src":null,"featured_image_src_square":null,"_links":{"self":[{"href":"https:\/\/www.turingprojects.com\/ca\/wp-json\/wp\/v2\/pages\/1399","targetHints":{"allow":["GET"]}}],"collection":[{"href":"https:\/\/www.turingprojects.com\/ca\/wp-json\/wp\/v2\/pages"}],"about":[{"href":"https:\/\/www.turingprojects.com\/ca\/wp-json\/wp\/v2\/types\/page"}],"author":[{"embeddable":true,"href":"https:\/\/www.turingprojects.com\/ca\/wp-json\/wp\/v2\/users\/4"}],"replies":[{"embeddable":true,"href":"https:\/\/www.turingprojects.com\/ca\/wp-json\/wp\/v2\/comments?post=1399"}],"version-history":[{"count":5,"href":"https:\/\/www.turingprojects.com\/ca\/wp-json\/wp\/v2\/pages\/1399\/revisions"}],"predecessor-version":[{"id":1579,"href":"https:\/\/www.turingprojects.com\/ca\/wp-json\/wp\/v2\/pages\/1399\/revisions\/1579"}],"wp:attachment":[{"href":"https:\/\/www.turingprojects.com\/ca\/wp-json\/wp\/v2\/media?parent=1399"}],"curies":[{"name":"wp","href":"https:\/\/api.w.org\/{rel}","templated":true}]}}